{"id":8978,"date":"2022-04-26T07:21:14","date_gmt":"2022-04-26T07:21:14","guid":{"rendered":"https:\/\/biz.arrivalguides.com\/acerca-de\/"},"modified":"2023-05-15T06:12:14","modified_gmt":"2023-05-15T06:12:14","slug":"acerca-de","status":"publish","type":"page","link":"https:\/\/biz.arrivalguides.com\/es\/acerca-de\/","title":{"rendered":"Acerca de"},"content":{"rendered":"\t\t<div data-elementor-type=\"wp-page\" data-elementor-id=\"8978\" class=\"elementor elementor-8978 elementor-2667\">\n\t\t\t\t\t\t<div class=\"elementor-inner\">\n\t\t\t\t<div class=\"elementor-section-wrap\">\n\t\t\t\t\t\t\t\t\t<section class=\"elementor-section elementor-top-section elementor-element elementor-element-77a0cda elementor-section-height-min-height elementor-section-full_width elementor-section-height-default elementor-section-items-middle\" data-id=\"77a0cda\" data-element_type=\"section\" data-settings=\"{&quot;background_background&quot;:&quot;classic&quot;}\">\n\t\t\t\t\t\t\t<div class=\"elementor-background-overlay\"><\/div>\n\t\t\t\t\t\t\t<div class=\"elementor-container elementor-column-gap-default\">\n\t\t\t\t\t\t\t<div class=\"elementor-row\">\n\t\t\t\t\t<div class=\"elementor-column elementor-col-100 elementor-top-column elementor-element elementor-element-7de0ad3\" data-id=\"7de0ad3\" data-element_type=\"column\">\n\t\t\t<div class=\"elementor-column-wrap elementor-element-populated\">\n\t\t\t\t\t\t\t<div class=\"elementor-widget-wrap\">\n\t\t\t\t\t\t<div class=\"elementor-element elementor-element-808fdd1 elementor-widget elementor-widget-heading\" data-id=\"808fdd1\" data-element_type=\"widget\" data-widget_type=\"heading.default\">\n\t\t\t\t<div class=\"elementor-widget-container\">\n\t\t\t<h1 class=\"elementor-heading-title elementor-size-default\">Una posici\u00f3n de liderazgo <\/br>en el sector de los viajes<\/h1>\t\t<\/div>\n\t\t\t\t<\/div>\n\t\t\t\t<div class=\"elementor-element elementor-element-046c3ff elementor-widget elementor-widget-heading\" data-id=\"046c3ff\" data-element_type=\"widget\" data-widget_type=\"heading.default\">\n\t\t\t\t<div class=\"elementor-widget-container\">\n\t\t\t<h1 class=\"elementor-heading-title elementor-size-default\"><h1 class=\"miller-light\">La historia de ArrivalGu\u00edas<\/h1><\/h1>\t\t<\/div>\n\t\t\t\t<\/div>\n\t\t\t\t\t\t<\/div>\n\t\t\t\t\t<\/div>\n\t\t<\/div>\n\t\t\t\t\t\t\t\t<\/div>\n\t\t\t\t\t<\/div>\n\t\t<\/section>\n\t\t\t\t<section class=\"elementor-section elementor-top-section elementor-element elementor-element-43e398f elementor-section-boxed elementor-section-height-default elementor-section-height-default\" data-id=\"43e398f\" data-element_type=\"section\">\n\t\t\t\t\t\t<div class=\"elementor-container elementor-column-gap-default\">\n\t\t\t\t\t\t\t<div class=\"elementor-row\">\n\t\t\t\t\t<div class=\"elementor-column elementor-col-100 elementor-top-column elementor-element elementor-element-6bd48bb\" data-id=\"6bd48bb\" data-element_type=\"column\">\n\t\t\t<div class=\"elementor-column-wrap\">\n\t\t\t\t\t\t\t<div class=\"elementor-widget-wrap\">\n\t\t\t\t\t\t\t\t<\/div>\n\t\t\t\t\t<\/div>\n\t\t<\/div>\n\t\t\t\t\t\t\t\t<\/div>\n\t\t\t\t\t<\/div>\n\t\t<\/section>\n\t\t\t\t<section class=\"elementor-section elementor-top-section elementor-element elementor-element-860cbd3 elementor-section-height-min-height elementor-section-boxed elementor-section-height-default elementor-section-items-middle\" data-id=\"860cbd3\" data-element_type=\"section\">\n\t\t\t\t\t\t<div class=\"elementor-container elementor-column-gap-default\">\n\t\t\t\t\t\t\t<div class=\"elementor-row\">\n\t\t\t\t\t<div class=\"elementor-column elementor-col-100 elementor-top-column elementor-element elementor-element-dbe89c8\" data-id=\"dbe89c8\" data-element_type=\"column\">\n\t\t\t<div class=\"elementor-column-wrap elementor-element-populated\">\n\t\t\t\t\t\t\t<div class=\"elementor-widget-wrap\">\n\t\t\t\t\t\t<div class=\"elementor-element elementor-element-15a7474 elementor-widget elementor-widget-spacer\" data-id=\"15a7474\" data-element_type=\"widget\" data-widget_type=\"spacer.default\">\n\t\t\t\t<div class=\"elementor-widget-container\">\n\t\t\t\t\t<div class=\"elementor-spacer\">\n\t\t\t<div class=\"elementor-spacer-inner\"><\/div>\n\t\t<\/div>\n\t\t\t\t<\/div>\n\t\t\t\t<\/div>\n\t\t\t\t<section class=\"elementor-section elementor-inner-section elementor-element elementor-element-e3d5fbf elementor-section-boxed elementor-section-height-default elementor-section-height-default\" data-id=\"e3d5fbf\" data-element_type=\"section\">\n\t\t\t\t\t\t<div class=\"elementor-container elementor-column-gap-default\">\n\t\t\t\t\t\t\t<div class=\"elementor-row\">\n\t\t\t\t\t<div class=\"elementor-column elementor-col-100 elementor-inner-column elementor-element elementor-element-b22963a\" data-id=\"b22963a\" data-element_type=\"column\">\n\t\t\t<div class=\"elementor-column-wrap elementor-element-populated\">\n\t\t\t\t\t\t\t<div class=\"elementor-widget-wrap\">\n\t\t\t\t\t\t<div class=\"elementor-element elementor-element-671e7aa elementor-widget elementor-widget-text-editor\" data-id=\"671e7aa\" data-element_type=\"widget\" data-widget_type=\"text-editor.default\">\n\t\t\t\t<div class=\"elementor-widget-container\">\n\t\t\t\t\t\t\t\t<div class=\"elementor-text-editor elementor-clearfix\">\n\t\t\t\t<p>ArrivalGuides es actualmente uno de los mayores distribuidores program\u00e1ticos del mundo de los contenidos sobre destinos en el espacio B2B de la industria de viajes. Nuestro compromiso es ofrecer a las empresas de viajes una soluci\u00f3n de contenidos totalmente personalizada y adaptada a la experiencia que espera el p\u00fablico viajero actual. ArrivalGuides lo hace creando y actualizando cientos de gu\u00edas de viaje con su equipo de creadores de contenidos, adem\u00e1s de trabajar con socios en cada destino para llevar sus contenidos a un p\u00fablico m\u00e1s amplio.<\/p>\n\t\t\t\t\t<\/div>\n\t\t\t\t\t\t<\/div>\n\t\t\t\t<\/div>\n\t\t\t\t\t\t<\/div>\n\t\t\t\t\t<\/div>\n\t\t<\/div>\n\t\t\t\t\t\t\t\t<\/div>\n\t\t\t\t\t<\/div>\n\t\t<\/section>\n\t\t\t\t<section class=\"elementor-section elementor-inner-section elementor-element elementor-element-d6960ed elementor-section-boxed elementor-section-height-default elementor-section-height-default\" data-id=\"d6960ed\" data-element_type=\"section\">\n\t\t\t\t\t\t<div class=\"elementor-container elementor-column-gap-default\">\n\t\t\t\t\t\t\t<div class=\"elementor-row\">\n\t\t\t\t\t<div class=\"elementor-column elementor-col-100 elementor-inner-column elementor-element elementor-element-08eab86\" data-id=\"08eab86\" data-element_type=\"column\">\n\t\t\t<div class=\"elementor-column-wrap elementor-element-populated\">\n\t\t\t\t\t\t\t<div class=\"elementor-widget-wrap\">\n\t\t\t\t\t\t<div class=\"elementor-element elementor-element-2092d2d elementor-widget elementor-widget-heading\" data-id=\"2092d2d\" data-element_type=\"widget\" data-widget_type=\"heading.default\">\n\t\t\t\t<div class=\"elementor-widget-container\">\n\t\t\t<h2 class=\"elementor-heading-title elementor-size-default\">La Historia<\/h2>\t\t<\/div>\n\t\t\t\t<\/div>\n\t\t\t\t<div class=\"elementor-element elementor-element-988f759 elementor-widget elementor-widget-text-editor\" data-id=\"988f759\" data-element_type=\"widget\" data-widget_type=\"text-editor.default\">\n\t\t\t\t<div class=\"elementor-widget-container\">\n\t\t\t\t\t\t\t\t<div class=\"elementor-text-editor elementor-clearfix\">\n\t\t\t\t<p>La traves\u00eda de ArrivalGuides comenz\u00f3 en 2004 con la idea de producir gu\u00edas de viaje impresas para diversos destinos de alta calidad. Gracias a la combinaci\u00f3n de nuestros experimentados editores de contenidos y de un equipo de ventas, que ofrec\u00eda espacios publicitarios en cada una de las gu\u00edas, AG creci\u00f3 con gran rapidez y sencillez. Fue as\u00ed c\u00f3mo pronto capt\u00f3 el inter\u00e9s de P\u00e1ginas Amarillas, la cual adquiri\u00f3 la empresa en 2007. <span style=\"font-family: bentonsans; font-size: 16px; font-style: normal; font-variant-ligatures: normal; font-variant-caps: normal; font-weight: 400; color: var( --e-global-color-text );\">Dos a\u00f1os m\u00e1s tarde, ArrivalGuides recuper\u00f3 su independencia e introdujo de inmediato un nuevo modelo de negocio que sigue vigente en la actualidad.<\/span><\/p>\n\t\t\t\t\t<\/div>\n\t\t\t\t\t\t<\/div>\n\t\t\t\t<\/div>\n\t\t\t\t<div class=\"elementor-element elementor-element-ff8460a elementor-widget elementor-widget-text-editor\" data-id=\"ff8460a\" data-element_type=\"widget\" data-widget_type=\"text-editor.default\">\n\t\t\t\t<div class=\"elementor-widget-container\">\n\t\t\t\t\t\t\t\t<div class=\"elementor-text-editor elementor-clearfix\">\n\t\t\t\t<p>Impresionados por el \u00e9xito de ArrivalGuides durante muchos a\u00f1os, Lonely Planet, el gigante del sector de los viajes, adquiri\u00f3 la empresa en 2019. La nueva estrategia de LP de ofrecer contenidos digitales significaba que los conocimientos y la experiencia de ArrivalGuides eran ahora fundamentales para la nueva visi\u00f3n.<\/p><\/p>\n\t\t\t\t\t<\/div>\n\t\t\t\t\t\t<\/div>\n\t\t\t\t<\/div>\n\t\t\t\t<div class=\"elementor-element elementor-element-30e439d elementor-widget elementor-widget-text-editor\" data-id=\"30e439d\" data-element_type=\"widget\" data-widget_type=\"text-editor.default\">\n\t\t\t\t<div class=\"elementor-widget-container\">\n\t\t\t\t\t\t\t\t<div class=\"elementor-text-editor elementor-clearfix\">\n\t\t\t\t<p>Tras la pandemia, AG sali\u00f3 indemne. Ahora siendo parte de Lion Ventures, una empresa de inversi\u00f3n y asesoramiento en diferentes niveles centrada en los viajes, ArrivalGuides contin\u00faa con su objetivo de ofrecer contenidos inspiradores sobre destinos y otros servicios relacionados.<\/p>\n\t\t\t\t\t<\/div>\n\t\t\t\t\t\t<\/div>\n\t\t\t\t<\/div>\n\t\t\t\t<div class=\"elementor-element elementor-element-6e07a92 elementor-widget elementor-widget-text-editor\" data-id=\"6e07a92\" data-element_type=\"widget\" data-widget_type=\"text-editor.default\">\n\t\t\t\t<div class=\"elementor-widget-container\">\n\t\t\t\t\t\t\t\t<div class=\"elementor-text-editor elementor-clearfix\">\n\t\t\t\t<p>Con una biblioteca de contenidos cuidadosamente seleccionados, estructurados y actualizados con regularidad, que es utilizada por m\u00e1s de 250 empresas de alto nivel, ArrivalGuides ha consolidado su reputaci\u00f3n como una de las marcas m\u00e1s reconocidas del sector por ofrecer contenidos de viajes inspiradores y de alta calidad. <\/p>\n\t\t\t\t\t<\/div>\n\t\t\t\t\t\t<\/div>\n\t\t\t\t<\/div>\n\t\t\t\t\t\t<\/div>\n\t\t\t\t\t<\/div>\n\t\t<\/div>\n\t\t\t\t\t\t\t\t<\/div>\n\t\t\t\t\t<\/div>\n\t\t<\/section>\n\t\t\t\t\t\t<\/div>\n\t\t\t\t\t<\/div>\n\t\t<\/div>\n\t\t\t\t\t\t\t\t<\/div>\n\t\t\t\t\t<\/div>\n\t\t<\/section>\n\t\t\t\t<section class=\"elementor-section elementor-top-section elementor-element elementor-element-78099e5 elementor-section-boxed elementor-section-height-default elementor-section-height-default\" data-id=\"78099e5\" data-element_type=\"section\">\n\t\t\t\t\t\t<div class=\"elementor-container elementor-column-gap-default\">\n\t\t\t\t\t\t\t<div class=\"elementor-row\">\n\t\t\t\t\t<div class=\"elementor-column elementor-col-100 elementor-top-column elementor-element elementor-element-88520b6\" data-id=\"88520b6\" data-element_type=\"column\">\n\t\t\t<div class=\"elementor-column-wrap elementor-element-populated\">\n\t\t\t\t\t\t\t<div class=\"elementor-widget-wrap\">\n\t\t\t\t\t\t<div class=\"elementor-element elementor-element-b6753e7 elementor-widget elementor-widget-spacer\" data-id=\"b6753e7\" data-element_type=\"widget\" data-widget_type=\"spacer.default\">\n\t\t\t\t<div class=\"elementor-widget-container\">\n\t\t\t\t\t<div class=\"elementor-spacer\">\n\t\t\t<div class=\"elementor-spacer-inner\"><\/div>\n\t\t<\/div>\n\t\t\t\t<\/div>\n\t\t\t\t<\/div>\n\t\t\t\t\t\t<\/div>\n\t\t\t\t\t<\/div>\n\t\t<\/div>\n\t\t\t\t\t\t\t\t<\/div>\n\t\t\t\t\t<\/div>\n\t\t<\/section>\n\t\t\t\t\t\t\t\t\t<\/div>\n\t\t\t<\/div>\n\t\t\t\t\t<\/div>\n\t\t","protected":false},"excerpt":{"rendered":"<p>Una posici\u00f3n de liderazgo en el sector de los viajes La historia de ArrivalGu\u00edas ArrivalGuides es actualmente uno de los mayores distribuidores program\u00e1ticos del mundo de los contenidos sobre destinos en el espacio B2B de la industria de viajes. Nuestro compromiso es ofrecer a las empresas de viajes una soluci\u00f3n de contenidos totalmente personalizada y [&hellip;]<\/p>\n","protected":false},"author":5,"featured_media":5124,"parent":0,"menu_order":0,"comment_status":"closed","ping_status":"closed","template":"elementor_header_footer","meta":{"footnotes":""},"class_list":["post-8978","page","type-page","status-publish","has-post-thumbnail","hentry","entry","has-media"],"yoast_head":"<!-- This site is optimized with the Yoast SEO plugin v20.3 - https:\/\/yoast.com\/wordpress\/plugins\/seo\/ -->\n<title>Acerca de - ArrivalGuides Content Licensing<\/title>\n<meta name=\"description\" content=\"Desde 2004. una de las marcas m\u00e1s reconocidas del sector por ofrecer contenidos de destino fiables y de calidad.\" \/>\n<meta name=\"robots\" content=\"noindex, nofollow\" \/>\n<meta property=\"og:locale\" content=\"es_ES\" \/>\n<meta property=\"og:type\" content=\"article\" \/>\n<meta property=\"og:title\" content=\"Acerca de - ArrivalGuides Content Licensing\" \/>\n<meta property=\"og:description\" content=\"Desde 2004. una de las marcas m\u00e1s reconocidas del sector por ofrecer contenidos de destino fiables y de calidad.\" \/>\n<meta property=\"og:url\" content=\"https:\/\/biz.arrivalguides.com\/es\/acerca-de\/\" \/>\n<meta property=\"og:site_name\" content=\"ArrivalGuides Content Licensing\" \/>\n<meta property=\"article:modified_time\" content=\"2023-05-15T06:12:14+00:00\" \/>\n<meta property=\"og:image\" content=\"https:\/\/biz.arrivalguides.com\/wp-content\/uploads\/2020\/01\/lonely-planet-content-licensing-thank-you-for-contacting-us.jpg\" \/>\n\t<meta property=\"og:image:width\" content=\"2000\" \/>\n\t<meta property=\"og:image:height\" content=\"1333\" \/>\n\t<meta property=\"og:image:type\" content=\"image\/jpeg\" \/>\n<meta name=\"twitter:card\" content=\"summary_large_image\" \/>\n<meta name=\"twitter:label1\" content=\"Tiempo de lectura\" \/>\n\t<meta name=\"twitter:data1\" content=\"2 minutos\" \/>\n<script type=\"application\/ld+json\" class=\"yoast-schema-graph\">{\"@context\":\"https:\/\/schema.org\",\"@graph\":[{\"@type\":\"WebPage\",\"@id\":\"https:\/\/biz.arrivalguides.com\/es\/acerca-de\/\",\"url\":\"https:\/\/biz.arrivalguides.com\/es\/acerca-de\/\",\"name\":\"Acerca de - ArrivalGuides Content Licensing\",\"isPartOf\":{\"@id\":\"https:\/\/biz.arrivalguides.com\/es\/#website\"},\"datePublished\":\"2022-04-26T07:21:14+00:00\",\"dateModified\":\"2023-05-15T06:12:14+00:00\",\"description\":\"Desde 2004. una de las marcas m\u00e1s reconocidas del sector por ofrecer contenidos de destino fiables y de calidad.\",\"breadcrumb\":{\"@id\":\"https:\/\/biz.arrivalguides.com\/es\/acerca-de\/#breadcrumb\"},\"inLanguage\":\"es\",\"potentialAction\":[{\"@type\":\"ReadAction\",\"target\":[\"https:\/\/biz.arrivalguides.com\/es\/acerca-de\/\"]}]},{\"@type\":\"BreadcrumbList\",\"@id\":\"https:\/\/biz.arrivalguides.com\/es\/acerca-de\/#breadcrumb\",\"itemListElement\":[{\"@type\":\"ListItem\",\"position\":1,\"name\":\"Home\",\"item\":\"https:\/\/biz.arrivalguides.com\/es\/\"},{\"@type\":\"ListItem\",\"position\":2,\"name\":\"Acerca de\"}]},{\"@type\":\"WebSite\",\"@id\":\"https:\/\/biz.arrivalguides.com\/es\/#website\",\"url\":\"https:\/\/biz.arrivalguides.com\/es\/\",\"name\":\"ArrivalGuides Content Licensing\",\"description\":\"Elevate your business with world-class travel content.\",\"publisher\":{\"@id\":\"https:\/\/biz.arrivalguides.com\/es\/#organization\"},\"potentialAction\":[{\"@type\":\"SearchAction\",\"target\":{\"@type\":\"EntryPoint\",\"urlTemplate\":\"https:\/\/biz.arrivalguides.com\/es\/?s={search_term_string}\"},\"query-input\":\"required name=search_term_string\"}],\"inLanguage\":\"es\"},{\"@type\":\"Organization\",\"@id\":\"https:\/\/biz.arrivalguides.com\/es\/#organization\",\"name\":\"ArrivalGuides\",\"url\":\"https:\/\/biz.arrivalguides.com\/es\/\",\"logo\":{\"@type\":\"ImageObject\",\"inLanguage\":\"es\",\"@id\":\"https:\/\/biz.arrivalguides.com\/es\/#\/schema\/logo\/image\/\",\"url\":\"https:\/\/biz.arrivalguides.com\/wp-content\/uploads\/2021\/05\/ArrivalGuides-logo-black-on-transparent.png\",\"contentUrl\":\"https:\/\/biz.arrivalguides.com\/wp-content\/uploads\/2021\/05\/ArrivalGuides-logo-black-on-transparent.png\",\"width\":1920,\"height\":318,\"caption\":\"ArrivalGuides\"},\"image\":{\"@id\":\"https:\/\/biz.arrivalguides.com\/es\/#\/schema\/logo\/image\/\"}}]}<\/script>\n<!-- \/ Yoast SEO plugin. -->","yoast_head_json":{"title":"Acerca de - ArrivalGuides Content Licensing","description":"Desde 2004. una de las marcas m\u00e1s reconocidas del sector por ofrecer contenidos de destino fiables y de calidad.","robots":{"index":"noindex","follow":"nofollow"},"og_locale":"es_ES","og_type":"article","og_title":"Acerca de - ArrivalGuides Content Licensing","og_description":"Desde 2004. una de las marcas m\u00e1s reconocidas del sector por ofrecer contenidos de destino fiables y de calidad.","og_url":"https:\/\/biz.arrivalguides.com\/es\/acerca-de\/","og_site_name":"ArrivalGuides Content Licensing","article_modified_time":"2023-05-15T06:12:14+00:00","og_image":[{"width":2000,"height":1333,"url":"https:\/\/biz.arrivalguides.com\/wp-content\/uploads\/2020\/01\/lonely-planet-content-licensing-thank-you-for-contacting-us.jpg","type":"image\/jpeg"}],"twitter_card":"summary_large_image","twitter_misc":{"Tiempo de lectura":"2 minutos"},"schema":{"@context":"https:\/\/schema.org","@graph":[{"@type":"WebPage","@id":"https:\/\/biz.arrivalguides.com\/es\/acerca-de\/","url":"https:\/\/biz.arrivalguides.com\/es\/acerca-de\/","name":"Acerca de - ArrivalGuides Content Licensing","isPartOf":{"@id":"https:\/\/biz.arrivalguides.com\/es\/#website"},"datePublished":"2022-04-26T07:21:14+00:00","dateModified":"2023-05-15T06:12:14+00:00","description":"Desde 2004. una de las marcas m\u00e1s reconocidas del sector por ofrecer contenidos de destino fiables y de calidad.","breadcrumb":{"@id":"https:\/\/biz.arrivalguides.com\/es\/acerca-de\/#breadcrumb"},"inLanguage":"es","potentialAction":[{"@type":"ReadAction","target":["https:\/\/biz.arrivalguides.com\/es\/acerca-de\/"]}]},{"@type":"BreadcrumbList","@id":"https:\/\/biz.arrivalguides.com\/es\/acerca-de\/#breadcrumb","itemListElement":[{"@type":"ListItem","position":1,"name":"Home","item":"https:\/\/biz.arrivalguides.com\/es\/"},{"@type":"ListItem","position":2,"name":"Acerca de"}]},{"@type":"WebSite","@id":"https:\/\/biz.arrivalguides.com\/es\/#website","url":"https:\/\/biz.arrivalguides.com\/es\/","name":"ArrivalGuides Content Licensing","description":"Elevate your business with world-class travel content.","publisher":{"@id":"https:\/\/biz.arrivalguides.com\/es\/#organization"},"potentialAction":[{"@type":"SearchAction","target":{"@type":"EntryPoint","urlTemplate":"https:\/\/biz.arrivalguides.com\/es\/?s={search_term_string}"},"query-input":"required name=search_term_string"}],"inLanguage":"es"},{"@type":"Organization","@id":"https:\/\/biz.arrivalguides.com\/es\/#organization","name":"ArrivalGuides","url":"https:\/\/biz.arrivalguides.com\/es\/","logo":{"@type":"ImageObject","inLanguage":"es","@id":"https:\/\/biz.arrivalguides.com\/es\/#\/schema\/logo\/image\/","url":"https:\/\/biz.arrivalguides.com\/wp-content\/uploads\/2021\/05\/ArrivalGuides-logo-black-on-transparent.png","contentUrl":"https:\/\/biz.arrivalguides.com\/wp-content\/uploads\/2021\/05\/ArrivalGuides-logo-black-on-transparent.png","width":1920,"height":318,"caption":"ArrivalGuides"},"image":{"@id":"https:\/\/biz.arrivalguides.com\/es\/#\/schema\/logo\/image\/"}}]}},"_links":{"self":[{"href":"https:\/\/biz.arrivalguides.com\/es\/wp-json\/wp\/v2\/pages\/8978","targetHints":{"allow":["GET"]}}],"collection":[{"href":"https:\/\/biz.arrivalguides.com\/es\/wp-json\/wp\/v2\/pages"}],"about":[{"href":"https:\/\/biz.arrivalguides.com\/es\/wp-json\/wp\/v2\/types\/page"}],"author":[{"embeddable":true,"href":"https:\/\/biz.arrivalguides.com\/es\/wp-json\/wp\/v2\/users\/5"}],"replies":[{"embeddable":true,"href":"https:\/\/biz.arrivalguides.com\/es\/wp-json\/wp\/v2\/comments?post=8978"}],"version-history":[{"count":0,"href":"https:\/\/biz.arrivalguides.com\/es\/wp-json\/wp\/v2\/pages\/8978\/revisions"}],"wp:featuredmedia":[{"embeddable":true,"href":"https:\/\/biz.arrivalguides.com\/es\/wp-json\/wp\/v2\/media\/5124"}],"wp:attachment":[{"href":"https:\/\/biz.arrivalguides.com\/es\/wp-json\/wp\/v2\/media?parent=8978"}],"curies":[{"name":"wp","href":"https:\/\/api.w.org\/{rel}","templated":true}]}}